{"id":213,"date":"2017-07-30T15:16:34","date_gmt":"2017-07-30T13:16:34","guid":{"rendered":"http:\/\/www.per-spektiven.at\/?page_id=213"},"modified":"2025-09-02T20:33:12","modified_gmt":"2025-09-02T18:33:12","slug":"perspektiven-2","status":"publish","type":"page","link":"https:\/\/www.per-spektiven.at\/","title":{"rendered":"PerSpektiven bietet"},"content":{"rendered":"\n<h2>Die WEBSEITE ist derzeit in Arbeit \ud83d\ude42 <\/h2>\n\n\n\n<p>F\u00fcr Anfragen &#8211; <em>Beratung, Supervision, Coaching, Moderation, Mediation, Workshops, Seminare, Vortr\u00e4ge, Organisationsentwicklungsprozessen<\/em> &#8211; stehe ich gerne zur Verf\u00fcgung.<\/p>\n","protected":false},"excerpt":{"rendered":"<p>Die WEBSEITE ist derzeit in Arbeit \ud83d\ude42 F\u00fcr Anfragen &#8211; Beratung, Supervision, Coaching, Moderation, Mediation, Workshops, Seminare, Vortr\u00e4ge, Organisationsentwicklungsprozessen &#8211; stehe ich gerne zur Verf\u00fcgung.<\/p>\n","protected":false},"author":1,"featured_media":0,"parent":0,"menu_order":0,"comment_status":"closed","ping_status":"closed","template":"","meta":[],"_links":{"self":[{"href":"https:\/\/www.per-spektiven.at\/index.php?rest_route=\/wp\/v2\/pages\/213"}],"collection":[{"href":"https:\/\/www.per-spektiven.at\/index.php?rest_route=\/wp\/v2\/pages"}],"about":[{"href":"https:\/\/www.per-spektiven.at\/index.php?rest_route=\/wp\/v2\/types\/page"}],"author":[{"embeddable":true,"href":"https:\/\/www.per-spektiven.at\/index.php?rest_route=\/wp\/v2\/users\/1"}],"replies":[{"embeddable":true,"href":"https:\/\/www.per-spektiven.at\/index.php?rest_route=%2Fwp%2Fv2%2Fcomments&post=213"}],"version-history":[{"count":17,"href":"https:\/\/www.per-spektiven.at\/index.php?rest_route=\/wp\/v2\/pages\/213\/revisions"}],"predecessor-version":[{"id":500,"href":"https:\/\/www.per-spektiven.at\/index.php?rest_route=\/wp\/v2\/pages\/213\/revisions\/500"}],"wp:attachment":[{"href":"https:\/\/www.per-spektiven.at\/index.php?rest_route=%2Fwp%2Fv2%2Fmedia&parent=213"}],"curies":[{"name":"wp","href":"https:\/\/api.w.org\/{rel}","templated":true}]}}